{"id":2755,"date":"2021-07-22T14:56:58","date_gmt":"2021-07-22T12:56:58","guid":{"rendered":"http:\/\/budo-fitness.training\/web\/?page_id=2755"},"modified":"2025-02-24T19:55:25","modified_gmt":"2025-02-24T18:55:25","slug":"hatha-yoga","status":"publish","type":"page","link":"http:\/\/budo-fitness.training\/web\/verein\/hatha-yoga\/","title":{"rendered":"Hatha-Yoga"},"content":{"rendered":"\n<h3 class=\"wp-block-heading has-text-align-center\"><\/h3>\n\n\n<div class=\"wp-block-image is-style-default\">\n<figure class=\"aligncenter size-large\"><a href=\"http:\/\/budo-fitness.training\/web\/wp-content\/uploads\/sites\/2\/2022\/10\/yoga-Bild-budo-fitness-min-scaled.jpg\"><img decoding=\"async\" loading=\"lazy\" width=\"759\" height=\"1024\" src=\"http:\/\/budo-fitness.training\/web\/wp-content\/uploads\/sites\/2\/2022\/10\/yoga-Bild-budo-fitness-min-759x1024.jpg\" alt=\"\" class=\"wp-image-2867\" srcset=\"http:\/\/budo-fitness.training\/web\/wp-content\/uploads\/sites\/2\/2022\/10\/yoga-Bild-budo-fitness-min-759x1024.jpg 759w, http:\/\/budo-fitness.training\/web\/wp-content\/uploads\/sites\/2\/2022\/10\/yoga-Bild-budo-fitness-min-222x300.jpg 222w, http:\/\/budo-fitness.training\/web\/wp-content\/uploads\/sites\/2\/2022\/10\/yoga-Bild-budo-fitness-min-768x1036.jpg 768w, http:\/\/budo-fitness.training\/web\/wp-content\/uploads\/sites\/2\/2022\/10\/yoga-Bild-budo-fitness-min-1139x1536.jpg 1139w, http:\/\/budo-fitness.training\/web\/wp-content\/uploads\/sites\/2\/2022\/10\/yoga-Bild-budo-fitness-min-1518x2048.jpg 1518w, http:\/\/budo-fitness.training\/web\/wp-content\/uploads\/sites\/2\/2022\/10\/yoga-Bild-budo-fitness-min-830x1119.jpg 830w, http:\/\/budo-fitness.training\/web\/wp-content\/uploads\/sites\/2\/2022\/10\/yoga-Bild-budo-fitness-min-230x310.jpg 230w, http:\/\/budo-fitness.training\/web\/wp-content\/uploads\/sites\/2\/2022\/10\/yoga-Bild-budo-fitness-min-350x472.jpg 350w, http:\/\/budo-fitness.training\/web\/wp-content\/uploads\/sites\/2\/2022\/10\/yoga-Bild-budo-fitness-min-480x647.jpg 480w, http:\/\/budo-fitness.training\/web\/wp-content\/uploads\/sites\/2\/2022\/10\/yoga-Bild-budo-fitness-min-scaled.jpg 1898w\" sizes=\"(max-width: 759px) 100vw, 759px\" \/><\/a><\/figure><\/div>\n\n\n<p class=\"has-text-align-center\">Im September 2019 erweiterten wir unsere sportlichen Aktivit\u00e4ten um eine Yogagruppe. <br \/>Diese wurde bis 2022 durch Bruna geleitet.\u00a0Seither f\u00fchren Susanne und Jens die Gruppe und <br \/>absolvierten 2023 ihre 200h umfassende Yogaausbildung in Berlin. <\/p>\n\n\n\n<p class=\"has-text-align-center\">F\u00fcr die Yoga-Stunden nutzen wir die Eurythmie im Bereich der neuen Aula der Waldorfschule. <br \/>Wir praktizieren das Hatha-Yoga. Es ist eine Form des Yoga, bei der das Gleichgewicht zwischen K\u00f6rper und Geist vor allem durch k\u00f6rperliche \u00dcbungen (Asanas), durch Atem\u00fcbungen (Pranayama) und Meditation angestrebt wird.<\/p>\n\n\n\n<p class=\"has-text-align-center\">Interessenten nehmen bitte Kontakt zu Jens Steiner auf: 0171-1206846 <\/p>\n\n\n\n<p class=\"has-text-align-center\"><strong>\u00dcbungsstunde: <\/strong><br \/><strong>Montag 17:00 -18:00 Uhr<\/strong><\/p>\n","protected":false},"excerpt":{"rendered":"<p>Im September 2019 erweiterten wir unsere sportlichen Aktivit\u00e4ten um eine Yogagruppe. Diese wurde bis 2022 durch Bruna geleitet.\u00a0Seither f\u00fchren Susanne und Jens [&hellip;]<\/p>\n","protected":false},"author":2,"featured_media":0,"parent":89,"menu_order":3,"comment_status":"closed","ping_status":"closed","template":"","meta":{"ngg_post_thumbnail":0},"_links":{"self":[{"href":"http:\/\/budo-fitness.training\/web\/wp-json\/wp\/v2\/pages\/2755"}],"collection":[{"href":"http:\/\/budo-fitness.training\/web\/wp-json\/wp\/v2\/pages"}],"about":[{"href":"http:\/\/budo-fitness.training\/web\/wp-json\/wp\/v2\/types\/page"}],"author":[{"embeddable":true,"href":"http:\/\/budo-fitness.training\/web\/wp-json\/wp\/v2\/users\/2"}],"replies":[{"embeddable":true,"href":"http:\/\/budo-fitness.training\/web\/wp-json\/wp\/v2\/comments?post=2755"}],"version-history":[{"count":7,"href":"http:\/\/budo-fitness.training\/web\/wp-json\/wp\/v2\/pages\/2755\/revisions"}],"predecessor-version":[{"id":2930,"href":"http:\/\/budo-fitness.training\/web\/wp-json\/wp\/v2\/pages\/2755\/revisions\/2930"}],"up":[{"embeddable":true,"href":"http:\/\/budo-fitness.training\/web\/wp-json\/wp\/v2\/pages\/89"}],"wp:attachment":[{"href":"http:\/\/budo-fitness.training\/web\/wp-json\/wp\/v2\/media?parent=2755"}],"curies":[{"name":"wp","href":"https:\/\/api.w.org\/{rel}","templated":true}]}}